{"id":5063,"date":"2023-05-18T20:58:49","date_gmt":"2023-05-19T00:58:49","guid":{"rendered":"https:\/\/wcdgn.com\/servicios\/nueva-construccion\/"},"modified":"2023-05-21T11:06:59","modified_gmt":"2023-05-21T15:06:59","slug":"nuevas-construcciones","status":"publish","type":"page","link":"https:\/\/wcdgn.com\/es\/servicios\/nuevas-construcciones\/","title":{"rendered":"Nuevas construcciones"},"content":{"rendered":"<section class=\"wpb-content-wrapper\"><p>[vc_row][vc_column width=\u00bb2\/3&#8243;][vc_single_image image=\u00bb4778&#8243; img_size=\u00bbfull\u00bb]<div id=\"ultimate-heading-372169f61dc00150f\" class=\"uvc-heading ult-adjust-bottom-margin ultimate-heading-372169f61dc00150f uvc-5569  uvc-heading-default-font-sizes\" data-hspacer=\"no_spacer\"  data-halign=\"left\" style=\"text-align:left\"><div class=\"uvc-heading-spacer no_spacer\" style=\"top\"><\/div><div class=\"uvc-main-heading ult-responsive\"  data-ultimate-target='.uvc-heading.ultimate-heading-372169f61dc00150f h3'  data-responsive-json-new='{\"font-size\":\"\",\"line-height\":\"\"}' ><h3 style=\"font-family:&#039;Rubik&#039;;font-weight:600;margin-bottom:30px;\">Construir su nueva propiedad comercial o residencial<\/h3><\/div><\/div>[vc_column_text]<span style=\"font-weight: 400;\">World Construction &amp; Design es una empresa de \u00e9xito gracias a la experiencia colectiva de nuestro equipo de profesionales de la construcci\u00f3n. Adem\u00e1s de residencial y comercial, World Construction tiene experiencia en campos de la industria que incluyen multifamiliar, educativo, y la hospitalidad, proporcionando un amplio y amplio conocimiento en el negocio de la construcci\u00f3n.<\/span><\/p>\n<p>&nbsp;<\/p>\n<h4><span style=\"font-weight: 400; color: #e40f2d;\">Construcci\u00f3n residencial<\/span><\/h4>\n<p><span style=\"font-weight: 400;\">Tu casa es tu santuario, tu refugio y tu espacio para siempre. WCDGN es la mejor opci\u00f3n para ayudarle a convertir ese sue\u00f1o en realidad. Nuestros servicios especializados de construcci\u00f3n y gesti\u00f3n de proyectos transformar\u00e1n su propiedad en la casa de sus sue\u00f1os. De principio a fin, en WCDGN ponemos todo nuestro coraz\u00f3n en cada paso del proceso, asegur\u00e1ndonos de que el resultado final sea un reflejo de su visi\u00f3n \u00fanica. Perm\u00edtanos dar vida a su hogar para siempre.<\/span><\/p>\n<p>&nbsp;<\/p>\n<h4><span style=\"font-weight: 400; color: #e40f2d;\">Construcci\u00f3n comercial<\/span><\/h4>\n<p><span style=\"font-weight: 400;\">Su proyecto merece lo mejor de ambos mundos: los recursos y la experiencia de un gran contratista comercial, combinados con el entusiasmo y la atenci\u00f3n al detalle de un constructor especializado. En nuestra empresa, los clientes experimentar\u00e1n la magia que ofrecen ambos mundos. Con una pasi\u00f3n y una dedicaci\u00f3n inquebrantables, World Construction har\u00e1 realidad su visi\u00f3n, desde el panorama general hasta el m\u00e1s m\u00ednimo detalle.<\/span>[\/vc_column_text][\/vc_column][vc_column width=\u00bb1\/3&#8243;][vc_widget_sidebar sidebar_id=\u00bbsidebar_3&#8243;][\/vc_column][\/vc_row][vc_row full_width=\u00bbstretch_row\u00bb equal_height=\u00bbyes\u00bb content_placement=\u00bbmiddle\u00bb bg_type=\u00bbbg_color\u00bb css=\u00bb.vc_custom_1684670282880{margin-top: 30px !important;padding-top: 60px !important;padding-bottom: 0px !important;}\u00bb bg_color_value=\u00bb#ebebeb\u00bb el_class=\u00bbmeeteamhome\u00bb][vc_column][vc_row_inner content_placement=\u00bbmiddle\u00bb][vc_column_inner el_class=\u00bbformularioservice\u00bb width=\u00bb1\/2&#8243;][vc_column_text]<\/p>\n<h3 class=\"titlegetfree\">Obtenga una consulta <b>GRATUITA<\/b><\/h3>\n<p>[\/vc_column_text]\n<div class=\"wpcf7 no-js\" id=\"wpcf7-f5138-o1\" lang=\"es-ES\" dir=\"ltr\" data-wpcf7-id=\"5138\">\n<div class=\"screen-reader-response\"><p role=\"status\" aria-live=\"polite\" aria-atomic=\"true\"><\/p> <ul><\/ul><\/div>\n<form action=\"\/es\/wp-json\/wp\/v2\/pages\/5063#wpcf7-f5138-o1\" method=\"post\" class=\"wpcf7-form init\" aria-label=\"Formulario de contacto\" novalidate=\"novalidate\" data-status=\"init\">\n<fieldset class=\"hidden-fields-container\"><input type=\"hidden\" name=\"_wpcf7\" value=\"5138\" \/><input type=\"hidden\" name=\"_wpcf7_version\" value=\"6.1.5\" \/><input type=\"hidden\" name=\"_wpcf7_locale\" value=\"es_ES\" \/><input type=\"hidden\" name=\"_wpcf7_unit_tag\" value=\"wpcf7-f5138-o1\" \/><input type=\"hidden\" name=\"_wpcf7_container_post\" value=\"0\" \/><input type=\"hidden\" name=\"_wpcf7_posted_data_hash\" value=\"\" \/>\n<\/fieldset>\n<div id=\"responsive-form\" class=\"clearfix careers\">\n\t<div class=\"form-row\">\n\t\t<div class=\"column-full\">\n\t\t\t<p><span class=\"wpcf7-form-control-wrap\" data-name=\"full-name\"><input size=\"40\" maxlength=\"400\" class=\"wpcf7-form-control wpcf7-text wpcf7-validates-as-required\" aria-required=\"true\" aria-invalid=\"false\" placeholder=\"Nombre Completo*\" value=\"\" type=\"text\" name=\"full-name\" \/><\/span>\n\t\t\t<\/p>\n\t\t<\/div>\n\t<\/div>\n\t<div class=\"form-row\">\n\t\t<div class=\"column-half\">\n\t\t\t<p><span class=\"wpcf7-form-control-wrap\" data-name=\"email\"><input size=\"40\" maxlength=\"400\" class=\"wpcf7-form-control wpcf7-email wpcf7-validates-as-required wpcf7-text wpcf7-validates-as-email\" aria-required=\"true\" aria-invalid=\"false\" placeholder=\"Correo Electr\u00f3nico*\" value=\"\" type=\"email\" name=\"email\" \/><\/span>\n\t\t\t<\/p>\n\t\t<\/div>\n\t\t<div class=\"column-half\">\n\t\t\t<p><span class=\"wpcf7-form-control-wrap phone\"><input class=\"wpcf7-form-control wpcf7-intl_tel wpcf7-validates-as-required wpcf7-intl-tel\" aria-required=\"true\" aria-invalid=\"false\" data-initialcountry=\"us\" data-preferredcountries=\"us\" value=\"\" type=\"tel\" name=\"phone-cf7it-national\" \/><input name=\"phone\" type=\"hidden\" class=\"wpcf7-intl-tel-full\" \/><input type=\"hidden\" name=\"phone-cf7it-country-name\" class=\"wpcf7-intl-tel-country-name\" \/><input type=\"hidden\" name=\"phone-cf7it-country-code\" class=\"wpcf7-intl-tel-country-code\" \/><input type=\"hidden\" name=\"phone-cf7it-country-iso2\" class=\"wpcf7-intl-tel-country-iso2\" \/><\/span>\n\t\t\t<\/p>\n\t\t<\/div>\n\t<\/div>\n\t<div class=\"form-row\">\n\t\t<div class=\"column-full\">\n\t\t\t<p><span class=\"wpcf7-form-control-wrap\" data-name=\"your-message\"><textarea cols=\"40\" rows=\"10\" maxlength=\"2000\" class=\"wpcf7-form-control wpcf7-textarea\" aria-invalid=\"false\" placeholder=\"Mensaje\" name=\"your-message\"><\/textarea><\/span>\n\t\t\t<\/p>\n\t\t<\/div>\n\t<\/div>\n\t<div class=\"form-row\">\n\t\t<div class=\"column-full\">\n\t\t\t<p><span class=\"wpcf7-form-control-wrap\" data-name=\"Legales\"><span class=\"wpcf7-form-control wpcf7-acceptance\"><span class=\"wpcf7-list-item\"><label><input type=\"checkbox\" name=\"Legales\" value=\"1\" aria-invalid=\"false\" \/><span class=\"wpcf7-list-item-label\">Al enviarlo, acepto la <a class=\"enlace-terminos\" href=\"\/politica-privacidad\/\" target=\"_blank\" rel=\"noopener\">pol\u00edtica de privacidad.<\/a><\/span><\/label><\/span><\/span><\/span>\n\t\t\t<\/p>\n\t\t<\/div>\n\t<\/div>\n\t<div class=\"form-row\">\n\t\t<div class=\"column-full\">\n\t\t\t<p><input class=\"wpcf7-form-control wpcf7-submit has-spinner\" type=\"submit\" value=\"Enviar ahora\" \/>\n\t\t\t<\/p>\n\t\t<\/div>\n\t<\/div>\n<\/div><div class=\"wpcf7-response-output\" aria-hidden=\"true\"><\/div>\n<\/form>\n<\/div>\n[\/vc_column_inner][vc_column_inner width=\u00bb1\/2&#8243; css=\u00bb.vc_custom_1684500016067{margin-bottom: 0px !important;}\u00bb][vc_single_image image=\u00bb1908&#8243; img_size=\u00bbfull\u00bb alignment=\u00bbcenter\u00bb css=\u00bb.vc_custom_1684500021950{margin-bottom: 0px !important;}\u00bb][\/vc_column_inner][\/vc_row_inner][\/vc_column][\/vc_row]<\/p>\n<\/section>","protected":false},"excerpt":{"rendered":"<p>[vc_row][vc_column width=\u00bb2\/3&#8243;][vc_single_image image=\u00bb4778&#8243; img_size=\u00bbfull\u00bb][vc_column_text]World Construction &amp; Design es una empresa de \u00e9xito gracias a la experiencia colectiva de nuestro equipo de profesionales de la construcci\u00f3n. Adem\u00e1s de residencial y comercial, World Construction tiene experiencia en campos de la industria que incluyen multifamiliar, educativo, y la hospitalidad, proporcionando un amplio y amplio conocimiento en el negocio&hellip;<\/p>\n","protected":false},"author":1,"featured_media":0,"parent":5045,"menu_order":0,"comment_status":"closed","ping_status":"closed","template":"","meta":{"footnotes":""},"class_list":["post-5063","page","type-page","status-publish","hentry","description-off"],"yoast_head":"<!-- This site is optimized with the Yoast SEO plugin v27.5 - https:\/\/yoast.com\/product\/yoast-seo-wordpress\/ -->\n<title>Nuevas construcciones - World Construction &amp; Design<\/title>\n<meta name=\"robots\" content=\"index, follow, max-snippet:-1, max-image-preview:large, max-video-preview:-1\" \/>\n<link rel=\"canonical\" href=\"https:\/\/wcdgn.com\/services\/new-construction\/\" \/>\n<meta property=\"og:locale\" content=\"es_ES\" \/>\n<meta property=\"og:type\" content=\"article\" \/>\n<meta property=\"og:title\" content=\"Nuevas construcciones - World Construction &amp; Design\" \/>\n<meta property=\"og:description\" content=\"[vc_row][vc_column width=\u00bb2\/3&#8243;][vc_single_image image=\u00bb4778&#8243; img_size=\u00bbfull\u00bb][vc_column_text]World Construction &amp; Design es una empresa de \u00e9xito gracias a la experiencia colectiva de nuestro equipo de profesionales de la construcci\u00f3n. Adem\u00e1s de residencial y comercial, World Construction tiene experiencia en campos de la industria que incluyen multifamiliar, educativo, y la hospitalidad, proporcionando un amplio y amplio conocimiento en el negocio&hellip;\" \/>\n<meta property=\"og:url\" content=\"https:\/\/wcdgn.com\/services\/new-construction\/\" \/>\n<meta property=\"og:site_name\" content=\"World Construction &amp; Design\" \/>\n<meta property=\"article:publisher\" content=\"https:\/\/www.instagram.com\/worldconstructiondesing\/\" \/>\n<meta property=\"article:modified_time\" content=\"2023-05-21T15:06:59+00:00\" \/>\n<meta name=\"twitter:card\" content=\"summary_large_image\" \/>\n<meta name=\"twitter:label1\" content=\"Tiempo de lectura\" \/>\n\t<meta name=\"twitter:data1\" content=\"2 minutos\" \/>\n<script type=\"application\/ld+json\" class=\"yoast-schema-graph\">{\"@context\":\"https:\\\/\\\/schema.org\",\"@graph\":[{\"@type\":\"WebPage\",\"@id\":\"https:\\\/\\\/wcdgn.com\\\/services\\\/new-construction\\\/\",\"url\":\"https:\\\/\\\/wcdgn.com\\\/services\\\/new-construction\\\/\",\"name\":\"Nuevas construcciones - World Construction &amp; Design\",\"isPartOf\":{\"@id\":\"https:\\\/\\\/wcdgn.com\\\/#website\"},\"datePublished\":\"2023-05-19T00:58:49+00:00\",\"dateModified\":\"2023-05-21T15:06:59+00:00\",\"breadcrumb\":{\"@id\":\"https:\\\/\\\/wcdgn.com\\\/services\\\/new-construction\\\/#breadcrumb\"},\"inLanguage\":\"es\",\"potentialAction\":[{\"@type\":\"ReadAction\",\"target\":[\"https:\\\/\\\/wcdgn.com\\\/services\\\/new-construction\\\/\"]}]},{\"@type\":\"BreadcrumbList\",\"@id\":\"https:\\\/\\\/wcdgn.com\\\/services\\\/new-construction\\\/#breadcrumb\",\"itemListElement\":[{\"@type\":\"ListItem\",\"position\":1,\"name\":\"Home\",\"item\":\"https:\\\/\\\/wcdgn.com\\\/es\\\/\"},{\"@type\":\"ListItem\",\"position\":2,\"name\":\"Servicios\",\"item\":\"https:\\\/\\\/wcdgn.com\\\/es\\\/servicios\\\/\"},{\"@type\":\"ListItem\",\"position\":3,\"name\":\"Nuevas construcciones\"}]},{\"@type\":\"WebSite\",\"@id\":\"https:\\\/\\\/wcdgn.com\\\/#website\",\"url\":\"https:\\\/\\\/wcdgn.com\\\/\",\"name\":\"World Construction & Design\",\"description\":\"Building Our Communities\",\"publisher\":{\"@id\":\"https:\\\/\\\/wcdgn.com\\\/#organization\"},\"potentialAction\":[{\"@type\":\"SearchAction\",\"target\":{\"@type\":\"EntryPoint\",\"urlTemplate\":\"https:\\\/\\\/wcdgn.com\\\/?s={search_term_string}\"},\"query-input\":{\"@type\":\"PropertyValueSpecification\",\"valueRequired\":true,\"valueName\":\"search_term_string\"}}],\"inLanguage\":\"es\"},{\"@type\":\"Organization\",\"@id\":\"https:\\\/\\\/wcdgn.com\\\/#organization\",\"name\":\"World Construction & Design\",\"url\":\"https:\\\/\\\/wcdgn.com\\\/\",\"logo\":{\"@type\":\"ImageObject\",\"inLanguage\":\"es\",\"@id\":\"https:\\\/\\\/wcdgn.com\\\/#\\\/schema\\\/logo\\\/image\\\/\",\"url\":\"https:\\\/\\\/wcdgn.com\\\/wp-content\\\/uploads\\\/2023\\\/05\\\/logo2.png\",\"contentUrl\":\"https:\\\/\\\/wcdgn.com\\\/wp-content\\\/uploads\\\/2023\\\/05\\\/logo2.png\",\"width\":350,\"height\":98,\"caption\":\"World Construction & Design\"},\"image\":{\"@id\":\"https:\\\/\\\/wcdgn.com\\\/#\\\/schema\\\/logo\\\/image\\\/\"},\"sameAs\":[\"https:\\\/\\\/www.instagram.com\\\/worldconstructiondesing\\\/\"]}]}<\/script>\n<!-- \/ Yoast SEO plugin. -->","yoast_head_json":{"title":"Nuevas construcciones - World Construction &amp; Design","robots":{"index":"index","follow":"follow","max-snippet":"max-snippet:-1","max-image-preview":"max-image-preview:large","max-video-preview":"max-video-preview:-1"},"canonical":"https:\/\/wcdgn.com\/services\/new-construction\/","og_locale":"es_ES","og_type":"article","og_title":"Nuevas construcciones - World Construction &amp; Design","og_description":"[vc_row][vc_column width=\u00bb2\/3&#8243;][vc_single_image image=\u00bb4778&#8243; img_size=\u00bbfull\u00bb][vc_column_text]World Construction &amp; Design es una empresa de \u00e9xito gracias a la experiencia colectiva de nuestro equipo de profesionales de la construcci\u00f3n. Adem\u00e1s de residencial y comercial, World Construction tiene experiencia en campos de la industria que incluyen multifamiliar, educativo, y la hospitalidad, proporcionando un amplio y amplio conocimiento en el negocio&hellip;","og_url":"https:\/\/wcdgn.com\/services\/new-construction\/","og_site_name":"World Construction &amp; Design","article_publisher":"https:\/\/www.instagram.com\/worldconstructiondesing\/","article_modified_time":"2023-05-21T15:06:59+00:00","twitter_card":"summary_large_image","twitter_misc":{"Tiempo de lectura":"2 minutos"},"schema":{"@context":"https:\/\/schema.org","@graph":[{"@type":"WebPage","@id":"https:\/\/wcdgn.com\/services\/new-construction\/","url":"https:\/\/wcdgn.com\/services\/new-construction\/","name":"Nuevas construcciones - World Construction &amp; Design","isPartOf":{"@id":"https:\/\/wcdgn.com\/#website"},"datePublished":"2023-05-19T00:58:49+00:00","dateModified":"2023-05-21T15:06:59+00:00","breadcrumb":{"@id":"https:\/\/wcdgn.com\/services\/new-construction\/#breadcrumb"},"inLanguage":"es","potentialAction":[{"@type":"ReadAction","target":["https:\/\/wcdgn.com\/services\/new-construction\/"]}]},{"@type":"BreadcrumbList","@id":"https:\/\/wcdgn.com\/services\/new-construction\/#breadcrumb","itemListElement":[{"@type":"ListItem","position":1,"name":"Home","item":"https:\/\/wcdgn.com\/es\/"},{"@type":"ListItem","position":2,"name":"Servicios","item":"https:\/\/wcdgn.com\/es\/servicios\/"},{"@type":"ListItem","position":3,"name":"Nuevas construcciones"}]},{"@type":"WebSite","@id":"https:\/\/wcdgn.com\/#website","url":"https:\/\/wcdgn.com\/","name":"World Construction & Design","description":"Building Our Communities","publisher":{"@id":"https:\/\/wcdgn.com\/#organization"},"potentialAction":[{"@type":"SearchAction","target":{"@type":"EntryPoint","urlTemplate":"https:\/\/wcdgn.com\/?s={search_term_string}"},"query-input":{"@type":"PropertyValueSpecification","valueRequired":true,"valueName":"search_term_string"}}],"inLanguage":"es"},{"@type":"Organization","@id":"https:\/\/wcdgn.com\/#organization","name":"World Construction & Design","url":"https:\/\/wcdgn.com\/","logo":{"@type":"ImageObject","inLanguage":"es","@id":"https:\/\/wcdgn.com\/#\/schema\/logo\/image\/","url":"https:\/\/wcdgn.com\/wp-content\/uploads\/2023\/05\/logo2.png","contentUrl":"https:\/\/wcdgn.com\/wp-content\/uploads\/2023\/05\/logo2.png","width":350,"height":98,"caption":"World Construction & Design"},"image":{"@id":"https:\/\/wcdgn.com\/#\/schema\/logo\/image\/"},"sameAs":["https:\/\/www.instagram.com\/worldconstructiondesing\/"]}]}},"_links":{"self":[{"href":"https:\/\/wcdgn.com\/es\/wp-json\/wp\/v2\/pages\/5063","targetHints":{"allow":["GET"]}}],"collection":[{"href":"https:\/\/wcdgn.com\/es\/wp-json\/wp\/v2\/pages"}],"about":[{"href":"https:\/\/wcdgn.com\/es\/wp-json\/wp\/v2\/types\/page"}],"author":[{"embeddable":true,"href":"https:\/\/wcdgn.com\/es\/wp-json\/wp\/v2\/users\/1"}],"replies":[{"embeddable":true,"href":"https:\/\/wcdgn.com\/es\/wp-json\/wp\/v2\/comments?post=5063"}],"version-history":[{"count":5,"href":"https:\/\/wcdgn.com\/es\/wp-json\/wp\/v2\/pages\/5063\/revisions"}],"predecessor-version":[{"id":5156,"href":"https:\/\/wcdgn.com\/es\/wp-json\/wp\/v2\/pages\/5063\/revisions\/5156"}],"up":[{"embeddable":true,"href":"https:\/\/wcdgn.com\/es\/wp-json\/wp\/v2\/pages\/5045"}],"wp:attachment":[{"href":"https:\/\/wcdgn.com\/es\/wp-json\/wp\/v2\/media?parent=5063"}],"curies":[{"name":"wp","href":"https:\/\/api.w.org\/{rel}","templated":true}]}}